{"id":8,"date":"2023-11-08T13:19:26","date_gmt":"2023-11-08T13:19:26","guid":{"rendered":"http:\/\/marta-almudi-02.local\/?page_id=8"},"modified":"2024-04-21T15:19:55","modified_gmt":"2024-04-21T15:19:55","slug":"home","status":"publish","type":"page","link":"https:\/\/martaalmudi.es\/en\/","title":{"rendered":"Home"},"content":{"rendered":"<div class=\"wp-block-stackable-columns alignfull stk-block-columns stk-block stk-fa7d1bf stk-block-background\" data-block-id=\"fa7d1bf\"><style>.stk-fa7d1bf{background-color:var(--theme-palette-color-12,#ffffff) !important;min-height:90vh !important;align-items:center !important;margin-top:4% !important;margin-bottom:8% !important;display:flex !important}.stk-fa7d1bf:before{background-color:var(--theme-palette-color-12,#ffffff) !important}.stk-fa7d1bf-column{--stk-columns-spacing:0px !important}@media screen and (max-width:689px){.stk-fa7d1bf{margin-top:4% !important;margin-bottom:4% !important}}<\/style><div class=\"stk-row stk-inner-blocks stk-block-content stk-content-align stk-fa7d1bf-column\">\n<div class=\"wp-block-stackable-column stk-block-column stk-column stk-block stk-09c3e8e\" data-v=\"4\" data-block-id=\"09c3e8e\"><style>.stk-09c3e8e-container{margin-top:48px !important;margin-right:48px !important;margin-bottom:48px !important;margin-left:0px !important}.stk-09c3e8e{align-self:center !important}@media screen and (min-width:690px){.stk-09c3e8e{flex:var(--stk-flex-grow,1) 1 calc(33.333% - var(--stk-column-gap,0px) * 1 \/ 2 ) !important}}@media screen and (max-width:689px){.stk-09c3e8e-container{margin-left:48px !important}}<\/style><div class=\"stk-column-wrapper stk-block-column__content stk-container stk-09c3e8e-container stk--no-background stk--no-padding\"><div class=\"has-text-align-center stk-block-content stk-inner-blocks stk-09c3e8e-inner-blocks\">\n<div class=\"wp-block-stackable-image stk-block-image stk-block stk-6f141f4\" data-block-id=\"6f141f4\"><style>.stk-6f141f4{min-height:0px !important;margin-right:2% !important}<\/style><figure><span class=\"stk-img-wrapper stk-image--shape-stretch\"><img loading=\"lazy\" decoding=\"async\" class=\"stk-img wp-image-303\" src=\"https:\/\/martaalmudi.es\/wp-content\/uploads\/ALMUDI_MINI-MANUAL-1.png\" width=\"2154\" height=\"728\" srcset=\"https:\/\/martaalmudi.es\/wp-content\/uploads\/ALMUDI_MINI-MANUAL-1.png 2154w, https:\/\/martaalmudi.es\/wp-content\/uploads\/ALMUDI_MINI-MANUAL-1-300x101.png 300w, https:\/\/martaalmudi.es\/wp-content\/uploads\/ALMUDI_MINI-MANUAL-1-1024x346.png 1024w, https:\/\/martaalmudi.es\/wp-content\/uploads\/ALMUDI_MINI-MANUAL-1-768x260.png 768w, https:\/\/martaalmudi.es\/wp-content\/uploads\/ALMUDI_MINI-MANUAL-1-1536x519.png 1536w, https:\/\/martaalmudi.es\/wp-content\/uploads\/ALMUDI_MINI-MANUAL-1-2048x692.png 2048w, https:\/\/martaalmudi.es\/wp-content\/uploads\/ALMUDI_MINI-MANUAL-1-18x6.png 18w\" sizes=\"auto, (max-width: 2154px) 100vw, 2154px\" \/><\/span><\/figure><\/div>\n<\/div><\/div><\/div>\n\n\n\n<div class=\"wp-block-stackable-column stk-block-column stk-column stk-block stk-ae20e77\" data-v=\"4\" data-block-id=\"ae20e77\"><style>.stk-ae20e77-container{margin-top:0px !important;margin-right:0px !important;margin-bottom:0px !important;margin-left:0px !important}.stk-ae20e77-inner-blocks{justify-content:flex-end !important;row-gap:0px !important}@media screen and (min-width:690px){.stk-ae20e77{flex:var(--stk-flex-grow,1) 1 calc(66.667% - var(--stk-column-gap,0px) * 1 \/ 2 ) !important}}<\/style><div class=\"stk-column-wrapper stk-block-column__content stk-container stk-ae20e77-container stk--no-background stk--no-padding\"><div class=\"stk--column-flex stk-block-content stk-inner-blocks stk-ae20e77-inner-blocks\">\n<div class=\"wp-block-stackable-image stk-block-image stk-block stk-40e2300\" data-block-id=\"40e2300\"><style>.stk-40e2300{right:0px !important}.stk-40e2300 .stk-img-wrapper{width:100% !important}<\/style><figure><span class=\"stk-img-wrapper stk-image--shape-stretch\"><img loading=\"lazy\" decoding=\"async\" class=\"stk-img wp-image-310\" src=\"https:\/\/martaalmudi.es\/wp-content\/uploads\/1702560622291.jpg\" width=\"960\" height=\"1280\" srcset=\"https:\/\/martaalmudi.es\/wp-content\/uploads\/1702560622291.jpg 960w, https:\/\/martaalmudi.es\/wp-content\/uploads\/1702560622291-225x300.jpg 225w, https:\/\/martaalmudi.es\/wp-content\/uploads\/1702560622291-768x1024.jpg 768w, https:\/\/martaalmudi.es\/wp-content\/uploads\/1702560622291-9x12.jpg 9w\" sizes=\"auto, (max-width: 960px) 100vw, 960px\" \/><\/span><\/figure><\/div>\n<\/div><\/div><\/div>\n<\/div><\/div>\n\n\n\n<div class=\"wp-block-stackable-columns alignfull stk-block-columns stk-block stk-c48825b fade-in\" data-block-id=\"c48825b\"><div class=\"stk-row stk-inner-blocks stk-block-content stk-content-align stk-c48825b-column alignfull\">\n<div class=\"wp-block-stackable-column stk-block-column stk-column stk-block stk-04c40b8 stk-block-background\" data-v=\"4\" data-block-id=\"04c40b8\"><style>.stk-04c40b8{background-color:var(--theme-palette-color-11,#fcfaf6) !important}.stk-04c40b8:before{background-color:var(--theme-palette-color-11,#fcfaf6) !important}<\/style><div class=\"stk-column-wrapper stk-block-column__content stk-container stk-04c40b8-container stk--no-background stk--no-padding\"><div class=\"stk-block-content stk-inner-blocks stk-04c40b8-inner-blocks\">\n<div class=\"wp-block-stackable-image stk-block-image stk-block stk-c576536\" data-block-id=\"c576536\"><style>.stk-c576536{align-items:center !important;max-width:50% !important;margin-right:auto !important;margin-left:auto !important;display:flex !important}<\/style><figure><span class=\"stk-img-wrapper stk-image--shape-stretch\"><img loading=\"lazy\" decoding=\"async\" class=\"stk-img wp-image-399\" src=\"https:\/\/martaalmudi.es\/wp-content\/uploads\/ALMUDI-27.png\" width=\"202\" height=\"274\" srcset=\"https:\/\/martaalmudi.es\/wp-content\/uploads\/ALMUDI-27.png 202w, https:\/\/martaalmudi.es\/wp-content\/uploads\/ALMUDI-27-9x12.png 9w\" sizes=\"auto, (max-width: 202px) 100vw, 202px\" \/><\/span><\/figure><\/div>\n\n\n\n<div class=\"wp-block-stackable-image stk-block-image stk-block stk-96fab48\" data-block-id=\"96fab48\"><style>.stk-96fab48{max-width:60% !important;margin-right:auto !important;margin-left:auto !important}<\/style><figure><span class=\"stk-img-wrapper stk-image--shape-stretch\"><img loading=\"lazy\" decoding=\"async\" class=\"stk-img wp-image-305\" src=\"https:\/\/martaalmudi.es\/wp-content\/uploads\/cursos-1.png\" width=\"437\" height=\"226\" srcset=\"https:\/\/martaalmudi.es\/wp-content\/uploads\/cursos-1.png 437w, https:\/\/martaalmudi.es\/wp-content\/uploads\/cursos-1-300x155.png 300w, https:\/\/martaalmudi.es\/wp-content\/uploads\/cursos-1-18x9.png 18w\" sizes=\"auto, (max-width: 437px) 100vw, 437px\" \/><\/span><\/figure><\/div>\n<\/div><a class=\"stk-link stk-block-link stk--transparent-overlay\" href=\"https:\/\/martaalmudi.es\/en\/courses\/\" aria-hidden=\"true\" tabindex=\"-1\"><\/a><\/div><\/div>\n\n\n\n<div class=\"wp-block-stackable-column stk-block-column stk-column stk-block stk-8d760cb stk-block-background\" data-v=\"4\" data-block-id=\"8d760cb\"><style>.stk-8d760cb{background-color:var(--theme-palette-color-9,#efedea) !important}.stk-8d760cb:before{background-color:var(--theme-palette-color-9,#efedea) !important}<\/style><div class=\"stk-column-wrapper stk-block-column__content stk-container stk-8d760cb-container stk--no-background stk--no-padding\"><div class=\"stk-block-content stk-inner-blocks stk-8d760cb-inner-blocks\">\n<div class=\"wp-block-stackable-image stk-block-image stk-block stk-c612793\" data-block-id=\"c612793\"><style>.stk-c612793{max-width:32% !important;margin-right:auto !important;margin-left:auto !important}<\/style><figure><span class=\"stk-img-wrapper stk-image--shape-stretch\"><img loading=\"lazy\" decoding=\"async\" class=\"stk-img wp-image-401\" src=\"https:\/\/martaalmudi.es\/wp-content\/uploads\/ALMUDI-24.png\" width=\"132\" height=\"276\" srcset=\"https:\/\/martaalmudi.es\/wp-content\/uploads\/ALMUDI-24.png 132w, https:\/\/martaalmudi.es\/wp-content\/uploads\/ALMUDI-24-6x12.png 6w\" sizes=\"auto, (max-width: 132px) 100vw, 132px\" \/><\/span><\/figure><\/div>\n\n\n\n<div class=\"wp-block-stackable-image stk-block-image stk-block stk-ffcf172\" data-block-id=\"ffcf172\"><style>.stk-ffcf172{max-width:60% !important;margin-right:auto !important;margin-left:auto !important}<\/style><figure><span class=\"stk-img-wrapper stk-image--shape-stretch\"><img loading=\"lazy\" decoding=\"async\" class=\"stk-img wp-image-304\" src=\"https:\/\/martaalmudi.es\/wp-content\/uploads\/ceramica-1.png\" width=\"582\" height=\"265\" srcset=\"https:\/\/martaalmudi.es\/wp-content\/uploads\/ceramica-1.png 582w, https:\/\/martaalmudi.es\/wp-content\/uploads\/ceramica-1-300x137.png 300w, https:\/\/martaalmudi.es\/wp-content\/uploads\/ceramica-1-18x8.png 18w\" sizes=\"auto, (max-width: 582px) 100vw, 582px\" \/><\/span><\/figure><\/div>\n<\/div><a class=\"stk-link stk-block-link stk--transparent-overlay\" href=\"https:\/\/martaalmudi.es\/en\/pottery\/\" aria-hidden=\"true\" tabindex=\"-1\"><\/a><\/div><\/div>\n<\/div><\/div>\n\n\n\n<div class=\"wp-block-stackable-columns alignwide stk-block-columns stk-block stk-3f1695e\" data-block-id=\"3f1695e\"><style>.stk-3f1695e{margin-top:4% !important;margin-bottom:4% !important}<\/style><div class=\"stk-row stk-inner-blocks stk-block-content stk-content-align stk-3f1695e-column alignwide\">\n<div class=\"wp-block-stackable-column stk-block-column stk-column stk-block stk-e9fc61e\" data-v=\"4\" data-block-id=\"e9fc61e\"><style>.stk-e9fc61e-container{max-width:50vw !important;margin-right:auto !important;margin-left:auto !important}@media screen and (max-width:999px){.stk-e9fc61e-container{max-width:100vw !important}}@media screen and (max-width:689px){.stk-e9fc61e-inner-blocks{align-items:center !important}.stk-e9fc61e-container{max-width:100vw !important}}<\/style><div class=\"stk-column-wrapper stk-block-column__content stk-container stk-e9fc61e-container stk--no-background stk--no-padding\"><div class=\"stk-block-content stk-inner-blocks stk-e9fc61e-inner-blocks\">\n<div class=\"wp-block-stackable-carousel alignwide stk-block-carousel stk--is-slide stk--arrows-justify-space-between stk--arrows-align-center stk-block stk-dfdd57b\" data-slides-to-show=\"1\" data-block-id=\"dfdd57b\"><style>.stk-dfdd57b{align-items:center !important;max-width:100% !important;display:flex !important;--slides-to-show:1 !important;--gap:16px !important;--button-offset:0px !important}.stk-dfdd57b .stk-block-carousel__button{background:var(--theme-palette-color-9,#efedea) !important;fill:var(--theme-palette-color-1,#7f9c90) !important}@media screen and (max-width:689px){.stk-dfdd57b{--gap:100px !important}}<\/style><div class=\"stk-block-carousel__content-wrapper\"><div class=\"stk-row stk-inner-blocks has-text-align-center has-text-align-center-mobile stk-block-content stk-block-carousel__slider-wrapper stk-content-align stk-dfdd57b-column alignwide\"><div class=\"stk-block-carousel__slider\" role=\"list\" data-autoplay=\"4000\" data-label-slide-of=\"Slide %%d of %%d\">\n<div class=\"wp-block-stackable-column stk-block-column stk-column stk-block stk-147bf14\" data-v=\"4\" data-block-id=\"147bf14\"><style>.stk-147bf14{align-self:center !important;align-items:center !important;margin-top:4% !important;margin-bottom:4% !important;display:flex !important}.stk-147bf14-inner-blocks{align-items:center !important;justify-content:center !important}<\/style><div class=\"stk-column-wrapper stk-block-column__content stk-container stk-147bf14-container stk--no-background stk--no-padding\"><div class=\"has-text-align-center stk--column-flex stk-block-content stk-inner-blocks stk-147bf14-inner-blocks\">\n<figure class=\"wp-block-image size-full\"><img loading=\"lazy\" decoding=\"async\" width=\"600\" height=\"800\" src=\"https:\/\/martaalmudi.es\/wp-content\/uploads\/1702560622285.jpg\" alt=\"\" class=\"wp-image-391\" srcset=\"https:\/\/martaalmudi.es\/wp-content\/uploads\/1702560622285.jpg 600w, https:\/\/martaalmudi.es\/wp-content\/uploads\/1702560622285-225x300.jpg 225w, https:\/\/martaalmudi.es\/wp-content\/uploads\/1702560622285-9x12.jpg 9w\" sizes=\"auto, (max-width: 600px) 100vw, 600px\" \/><\/figure>\n<\/div><\/div><\/div>\n\n\n\n<div class=\"wp-block-stackable-column stk-block-column stk-column stk-block stk-a3afb6d\" data-v=\"4\" data-block-id=\"a3afb6d\"><style>.stk-a3afb6d{align-self:center !important;align-items:center !important;margin-top:4% !important;margin-bottom:4% !important;display:flex !important}.stk-a3afb6d-inner-blocks{align-items:center !important;justify-content:center !important}<\/style><div class=\"stk-column-wrapper stk-block-column__content stk-container stk-a3afb6d-container stk--no-background stk--no-padding\"><div class=\"has-text-align-center stk--column-flex stk-block-content stk-inner-blocks stk-a3afb6d-inner-blocks\">\n<figure class=\"wp-block-image size-full\"><img loading=\"lazy\" decoding=\"async\" width=\"600\" height=\"750\" src=\"https:\/\/martaalmudi.es\/wp-content\/uploads\/1702560821152.jpg\" alt=\"\" class=\"wp-image-393\" style=\"object-fit:cover\" srcset=\"https:\/\/martaalmudi.es\/wp-content\/uploads\/1702560821152.jpg 600w, https:\/\/martaalmudi.es\/wp-content\/uploads\/1702560821152-240x300.jpg 240w, https:\/\/martaalmudi.es\/wp-content\/uploads\/1702560821152-10x12.jpg 10w\" sizes=\"auto, (max-width: 600px) 100vw, 600px\" \/><\/figure>\n<\/div><\/div><\/div>\n\n\n\n<div class=\"wp-block-stackable-column stk-block-column stk-column stk-block stk-5f55757\" data-v=\"4\" data-block-id=\"5f55757\"><style>.stk-5f55757{align-self:center !important;align-items:center !important;margin-top:4% !important;margin-bottom:4% !important;display:flex !important}.stk-5f55757-inner-blocks{align-items:center !important;justify-content:center !important}<\/style><div class=\"stk-column-wrapper stk-block-column__content stk-container stk-5f55757-container stk--no-background stk--no-padding\"><div class=\"has-text-align-center stk--column-flex stk-block-content stk-inner-blocks stk-5f55757-inner-blocks\">\n<figure class=\"wp-block-image size-full\"><img loading=\"lazy\" decoding=\"async\" width=\"600\" height=\"800\" src=\"https:\/\/martaalmudi.es\/wp-content\/uploads\/1702560821160.jpg\" alt=\"\" class=\"wp-image-394\" style=\"object-fit:cover\" srcset=\"https:\/\/martaalmudi.es\/wp-content\/uploads\/1702560821160.jpg 600w, https:\/\/martaalmudi.es\/wp-content\/uploads\/1702560821160-225x300.jpg 225w, https:\/\/martaalmudi.es\/wp-content\/uploads\/1702560821160-9x12.jpg 9w\" sizes=\"auto, (max-width: 600px) 100vw, 600px\" \/><\/figure>\n<\/div><\/div><\/div>\n<\/div><div class=\"stk-block-carousel__buttons\"><button class=\"stk-block-carousel__button stk-block-carousel__button__prev\" aria-label=\"Previous slide\"><svg aria-hidden=\"true\" focusable=\"false\" data-prefix=\"fas\" data-icon=\"chevron-left\" class=\"svg-inline--fa fa-chevron-left\" xmlns=\"http:\/\/www.w3.org\/2000\/svg\" viewbox=\"0 0 320 512\" width=\"32\" height=\"32\"><path d=\"M34.52 239.03L228.87 44.69c9.37-9.37 24.57-9.37 33.94 0l22.67 22.67c9.36 9.36 9.37 24.52.04 33.9L131.49 256l154.02 154.75c9.34 9.38 9.32 24.54-.04 33.9l-22.67 22.67c-9.37 9.37-24.57 9.37-33.94 0L34.52 272.97c-9.37-9.37-9.37-24.57 0-33.94z\"><\/path><\/svg><\/button><button class=\"stk-block-carousel__button stk-block-carousel__button__next\" aria-label=\"Next slide\"><svg aria-hidden=\"true\" focusable=\"false\" data-prefix=\"fas\" data-icon=\"chevron-right\" class=\"svg-inline--fa fa-chevron-right\" xmlns=\"http:\/\/www.w3.org\/2000\/svg\" viewbox=\"0 0 320 512\" width=\"32\" height=\"32\"><path d=\"M285.476 272.971L91.132 467.314c-9.373 9.373-24.569 9.373-33.941 0l-22.667-22.667c-9.357-9.357-9.375-24.522-.04-33.901L188.505 256 34.484 101.255c-9.335-9.379-9.317-24.544.04-33.901l22.667-22.667c9.373-9.373 24.569-9.373 33.941 0L285.475 239.03c9.373 9.372 9.373 24.568.001 33.941z\"><\/path><\/svg><\/button><\/div><\/div><div class=\"stk-block-carousel__dots\" role=\"list\" data-label=\"Slide %%d\"><\/div><\/div><\/div>\n<\/div><\/div><\/div>\n<\/div><\/div>\n\n\n\n<div class=\"wp-block-stackable-columns stk-block-columns stk-block stk-35dabd7\" data-block-id=\"35dabd7\"><style>.stk-35dabd7{margin-top:4% !important;margin-bottom:4% !important}<\/style><div class=\"stk-row stk-inner-blocks stk-block-content stk-content-align stk-35dabd7-column\">\n<div class=\"wp-block-stackable-column stk-block-column stk-column stk-block stk-3733217\" data-v=\"4\" data-block-id=\"3733217\"><style>.stk-3733217-container{max-width:40% !important;margin-right:auto !important;margin-left:auto !important}@media screen and (max-width:689px){.stk-3733217-container{max-width:100% !important}}<\/style><div class=\"stk-column-wrapper stk-block-column__content stk-container stk-3733217-container stk--no-background stk--no-padding\"><div class=\"stk-block-content stk-inner-blocks stk-3733217-inner-blocks\">\n<div class=\"wp-block-stackable-image stk-block-image stk-block stk-35347c0\" data-block-id=\"35347c0\"><figure><span class=\"stk-img-wrapper stk-image--shape-stretch\"><img loading=\"lazy\" decoding=\"async\" class=\"stk-img wp-image-101\" src=\"https:\/\/martaalmudi.es\/wp-content\/uploads\/LOGO-EU-logo-recuperacion-trans-y-resiliencia.jpg\" width=\"647\" height=\"118\" srcset=\"https:\/\/martaalmudi.es\/wp-content\/uploads\/LOGO-EU-logo-recuperacion-trans-y-resiliencia.jpg 647w, https:\/\/martaalmudi.es\/wp-content\/uploads\/LOGO-EU-logo-recuperacion-trans-y-resiliencia-300x55.jpg 300w\" sizes=\"auto, (max-width: 647px) 100vw, 647px\" \/><\/span><\/figure><\/div>\n<\/div><\/div><\/div>\n<\/div><\/div>","protected":false},"excerpt":{"rendered":"","protected":false},"author":2,"featured_media":0,"parent":0,"menu_order":0,"comment_status":"closed","ping_status":"closed","template":"","meta":{"footnotes":""},"class_list":["post-8","page","type-page","status-publish","hentry"],"blocksy_meta":{"has_hero_section":"disabled","styles_descriptor":{"styles":{"desktop":"","tablet":"","mobile":""},"google_fonts":[],"version":6},"disable_share_box":"yes","disable_featured_image":"yes"},"yoast_head":"<!-- This site is optimized with the Yoast SEO plugin v27.4 - https:\/\/yoast.com\/product\/yoast-seo-wordpress\/ -->\n<title>Home - Marta Almud\u00ed<\/title>\n<meta name=\"description\" content=\"Estudio de cer\u00e1mica en Valladolid: cursos, talleres y venta de piezas \u00fanicas. Exposiciones y colaboraciones art\u00edsticas.\" \/>\n<meta name=\"robots\" content=\"index, follow, max-snippet:-1, max-image-preview:large, max-video-preview:-1\" \/>\n<link rel=\"canonical\" href=\"https:\/\/martaalmudi.es\/en\/\" \/>\n<meta property=\"og:locale\" content=\"en_GB\" \/>\n<meta property=\"og:type\" content=\"article\" \/>\n<meta property=\"og:title\" content=\"Home - Marta Almud\u00ed\" \/>\n<meta property=\"og:description\" content=\"Estudio de cer\u00e1mica en Valladolid: cursos, talleres y venta de piezas \u00fanicas. Exposiciones y colaboraciones art\u00edsticas.\" \/>\n<meta property=\"og:url\" content=\"https:\/\/martaalmudi.es\/en\/\" \/>\n<meta property=\"og:site_name\" content=\"Marta Almud\u00ed\" \/>\n<meta property=\"article:modified_time\" content=\"2024-04-21T15:19:55+00:00\" \/>\n<meta property=\"og:image\" content=\"https:\/\/martaalmudi.es\/wp-content\/uploads\/ALMUDI_MINI-MANUAL-1.png\" \/>\n<meta name=\"twitter:card\" content=\"summary_large_image\" \/>\n<meta name=\"twitter:label1\" content=\"Estimated reading time\" \/>\n\t<meta name=\"twitter:data1\" content=\"2 minutes\" \/>\n<script type=\"application\/ld+json\" class=\"yoast-schema-graph\">{\"@context\":\"https:\\\/\\\/schema.org\",\"@graph\":[{\"@type\":\"WebPage\",\"@id\":\"https:\\\/\\\/martaalmudi.es\\\/\",\"url\":\"https:\\\/\\\/martaalmudi.es\\\/\",\"name\":\"Home - Marta Almud\u00ed\",\"isPartOf\":{\"@id\":\"https:\\\/\\\/martaalmudi.es\\\/#website\"},\"primaryImageOfPage\":{\"@id\":\"https:\\\/\\\/martaalmudi.es\\\/#primaryimage\"},\"image\":{\"@id\":\"https:\\\/\\\/martaalmudi.es\\\/#primaryimage\"},\"thumbnailUrl\":\"https:\\\/\\\/martaalmudi.es\\\/wp-content\\\/uploads\\\/ALMUDI_MINI-MANUAL-1.png\",\"datePublished\":\"2023-11-08T13:19:26+00:00\",\"dateModified\":\"2024-04-21T15:19:55+00:00\",\"description\":\"Estudio de cer\u00e1mica en Valladolid: cursos, talleres y venta de piezas \u00fanicas. Exposiciones y colaboraciones art\u00edsticas.\",\"breadcrumb\":{\"@id\":\"https:\\\/\\\/martaalmudi.es\\\/#breadcrumb\"},\"inLanguage\":\"en-GB\",\"potentialAction\":[{\"@type\":\"ReadAction\",\"target\":[\"https:\\\/\\\/martaalmudi.es\\\/\"]}]},{\"@type\":\"ImageObject\",\"inLanguage\":\"en-GB\",\"@id\":\"https:\\\/\\\/martaalmudi.es\\\/#primaryimage\",\"url\":\"https:\\\/\\\/martaalmudi.es\\\/wp-content\\\/uploads\\\/ALMUDI_MINI-MANUAL-1.png\",\"contentUrl\":\"https:\\\/\\\/martaalmudi.es\\\/wp-content\\\/uploads\\\/ALMUDI_MINI-MANUAL-1.png\"},{\"@type\":\"BreadcrumbList\",\"@id\":\"https:\\\/\\\/martaalmudi.es\\\/#breadcrumb\",\"itemListElement\":[{\"@type\":\"ListItem\",\"position\":1,\"name\":\"Portada\",\"item\":\"https:\\\/\\\/martaalmudi.es\\\/\"},{\"@type\":\"ListItem\",\"position\":2,\"name\":\"Home\"}]},{\"@type\":\"WebSite\",\"@id\":\"https:\\\/\\\/martaalmudi.es\\\/#website\",\"url\":\"https:\\\/\\\/martaalmudi.es\\\/\",\"name\":\"Marta Almud\u00ed\",\"description\":\"Marta Almud\u00ed, estudio de cer\u00e1mica en Valladolid\",\"publisher\":{\"@id\":\"https:\\\/\\\/martaalmudi.es\\\/#organization\"},\"potentialAction\":[{\"@type\":\"SearchAction\",\"target\":{\"@type\":\"EntryPoint\",\"urlTemplate\":\"https:\\\/\\\/martaalmudi.es\\\/?s={search_term_string}\"},\"query-input\":{\"@type\":\"PropertyValueSpecification\",\"valueRequired\":true,\"valueName\":\"search_term_string\"}}],\"inLanguage\":\"en-GB\"},{\"@type\":\"Organization\",\"@id\":\"https:\\\/\\\/martaalmudi.es\\\/#organization\",\"name\":\"Marta Almud\u00ed \u2013 Pasi\u00f3n en barro\",\"url\":\"https:\\\/\\\/martaalmudi.es\\\/\",\"logo\":{\"@type\":\"ImageObject\",\"inLanguage\":\"en-GB\",\"@id\":\"https:\\\/\\\/martaalmudi.es\\\/#\\\/schema\\\/logo\\\/image\\\/\",\"url\":\"https:\\\/\\\/martaalmudi.es\\\/wp-content\\\/uploads\\\/marta-logo.png\",\"contentUrl\":\"https:\\\/\\\/martaalmudi.es\\\/wp-content\\\/uploads\\\/marta-logo.png\",\"width\":181,\"height\":139,\"caption\":\"Marta Almud\u00ed \u2013 Pasi\u00f3n en barro\"},\"image\":{\"@id\":\"https:\\\/\\\/martaalmudi.es\\\/#\\\/schema\\\/logo\\\/image\\\/\"}}]}<\/script>\n<!-- \/ Yoast SEO plugin. -->","yoast_head_json":{"title":"Home - Marta Almud\u00ed","description":"Estudio de cer\u00e1mica en Valladolid: cursos, talleres y venta de piezas \u00fanicas. Exposiciones y colaboraciones art\u00edsticas.","robots":{"index":"index","follow":"follow","max-snippet":"max-snippet:-1","max-image-preview":"max-image-preview:large","max-video-preview":"max-video-preview:-1"},"canonical":"https:\/\/martaalmudi.es\/en\/","og_locale":"en_GB","og_type":"article","og_title":"Home - Marta Almud\u00ed","og_description":"Estudio de cer\u00e1mica en Valladolid: cursos, talleres y venta de piezas \u00fanicas. Exposiciones y colaboraciones art\u00edsticas.","og_url":"https:\/\/martaalmudi.es\/en\/","og_site_name":"Marta Almud\u00ed","article_modified_time":"2024-04-21T15:19:55+00:00","og_image":[{"url":"https:\/\/martaalmudi.es\/wp-content\/uploads\/ALMUDI_MINI-MANUAL-1.png","type":"","width":"","height":""}],"twitter_card":"summary_large_image","twitter_misc":{"Estimated reading time":"2 minutes"},"schema":{"@context":"https:\/\/schema.org","@graph":[{"@type":"WebPage","@id":"https:\/\/martaalmudi.es\/","url":"https:\/\/martaalmudi.es\/","name":"Home - Marta Almud\u00ed","isPartOf":{"@id":"https:\/\/martaalmudi.es\/#website"},"primaryImageOfPage":{"@id":"https:\/\/martaalmudi.es\/#primaryimage"},"image":{"@id":"https:\/\/martaalmudi.es\/#primaryimage"},"thumbnailUrl":"https:\/\/martaalmudi.es\/wp-content\/uploads\/ALMUDI_MINI-MANUAL-1.png","datePublished":"2023-11-08T13:19:26+00:00","dateModified":"2024-04-21T15:19:55+00:00","description":"Estudio de cer\u00e1mica en Valladolid: cursos, talleres y venta de piezas \u00fanicas. Exposiciones y colaboraciones art\u00edsticas.","breadcrumb":{"@id":"https:\/\/martaalmudi.es\/#breadcrumb"},"inLanguage":"en-GB","potentialAction":[{"@type":"ReadAction","target":["https:\/\/martaalmudi.es\/"]}]},{"@type":"ImageObject","inLanguage":"en-GB","@id":"https:\/\/martaalmudi.es\/#primaryimage","url":"https:\/\/martaalmudi.es\/wp-content\/uploads\/ALMUDI_MINI-MANUAL-1.png","contentUrl":"https:\/\/martaalmudi.es\/wp-content\/uploads\/ALMUDI_MINI-MANUAL-1.png"},{"@type":"BreadcrumbList","@id":"https:\/\/martaalmudi.es\/#breadcrumb","itemListElement":[{"@type":"ListItem","position":1,"name":"Portada","item":"https:\/\/martaalmudi.es\/"},{"@type":"ListItem","position":2,"name":"Home"}]},{"@type":"WebSite","@id":"https:\/\/martaalmudi.es\/#website","url":"https:\/\/martaalmudi.es\/","name":"Marta Almud\u00ed","description":"Marta Almud\u00ed, estudio de cer\u00e1mica en Valladolid","publisher":{"@id":"https:\/\/martaalmudi.es\/#organization"},"potentialAction":[{"@type":"SearchAction","target":{"@type":"EntryPoint","urlTemplate":"https:\/\/martaalmudi.es\/?s={search_term_string}"},"query-input":{"@type":"PropertyValueSpecification","valueRequired":true,"valueName":"search_term_string"}}],"inLanguage":"en-GB"},{"@type":"Organization","@id":"https:\/\/martaalmudi.es\/#organization","name":"Marta Almud\u00ed \u2013 Pasi\u00f3n en barro","url":"https:\/\/martaalmudi.es\/","logo":{"@type":"ImageObject","inLanguage":"en-GB","@id":"https:\/\/martaalmudi.es\/#\/schema\/logo\/image\/","url":"https:\/\/martaalmudi.es\/wp-content\/uploads\/marta-logo.png","contentUrl":"https:\/\/martaalmudi.es\/wp-content\/uploads\/marta-logo.png","width":181,"height":139,"caption":"Marta Almud\u00ed \u2013 Pasi\u00f3n en barro"},"image":{"@id":"https:\/\/martaalmudi.es\/#\/schema\/logo\/image\/"}}]}},"_links":{"self":[{"href":"https:\/\/martaalmudi.es\/en\/wp-json\/wp\/v2\/pages\/8","targetHints":{"allow":["GET"]}}],"collection":[{"href":"https:\/\/martaalmudi.es\/en\/wp-json\/wp\/v2\/pages"}],"about":[{"href":"https:\/\/martaalmudi.es\/en\/wp-json\/wp\/v2\/types\/page"}],"author":[{"embeddable":true,"href":"https:\/\/martaalmudi.es\/en\/wp-json\/wp\/v2\/users\/2"}],"replies":[{"embeddable":true,"href":"https:\/\/martaalmudi.es\/en\/wp-json\/wp\/v2\/comments?post=8"}],"version-history":[{"count":0,"href":"https:\/\/martaalmudi.es\/en\/wp-json\/wp\/v2\/pages\/8\/revisions"}],"wp:attachment":[{"href":"https:\/\/martaalmudi.es\/en\/wp-json\/wp\/v2\/media?parent=8"}],"curies":[{"name":"wp","href":"https:\/\/api.w.org\/{rel}","templated":true}]}}