{"id":259,"date":"2023-12-17T20:58:38","date_gmt":"2023-12-17T20:58:38","guid":{"rendered":"http:\/\/marta-almudi-02.local\/?page_id=259"},"modified":"2025-12-15T21:00:39","modified_gmt":"2025-12-15T21:00:39","slug":"about","status":"publish","type":"page","link":"https:\/\/martaalmudi.es\/en\/about\/","title":{"rendered":"About"},"content":{"rendered":"\n<div class=\"wp-block-stackable-columns alignwide stk-block-columns stk-block stk-ed87d90\" data-block-id=\"ed87d90\"><style>.stk-ed87d90 .stk--block-align-ed87d90{align-items:flex-start !important;}.stk-ed87d90 {margin-top:8% !important;margin-bottom:8% !important;}.stk-ed87d90-column{--stk-columns-spacing:1px !important;--stk-column-gap:1px !important;row-gap:1px !important;}<\/style><div class=\"stk-row stk-inner-blocks stk--block-align-ed87d90 stk-block-content stk-content-align stk-ed87d90-column alignwide\">\n<div class=\"wp-block-stackable-column stk-block-column stk-column stk-block stk-76da1ae\" data-v=\"4\" data-block-id=\"76da1ae\"><style>.stk-76da1ae {align-self:flex-start !important;align-items:flex-start !important;display:flex !important;}@media screen and (min-width:690px){.stk-76da1ae {flex:var(--stk-flex-grow, 1) 1 calc(50% - var(--stk-column-gap, 0px) * 1 \/ 2 ) !important;}}<\/style><div class=\"stk-column-wrapper stk-block-column__content stk-container stk-76da1ae-container stk--no-background stk--no-padding\"><div class=\"stk-block-content stk-inner-blocks stk-76da1ae-inner-blocks\">\n<div class=\"wp-block-stackable-image stk-block-image stk-block stk-aef423d\" data-block-id=\"aef423d\"><figure><span class=\"stk-img-wrapper stk-image--shape-stretch\"><img loading=\"lazy\" decoding=\"async\" class=\"stk-img wp-image-274\" src=\"https:\/\/martaalmudi.es\/wp-content\/uploads\/amudi-04.jpg\" width=\"640\" height=\"640\" srcset=\"https:\/\/martaalmudi.es\/wp-content\/uploads\/amudi-04.jpg 640w, https:\/\/martaalmudi.es\/wp-content\/uploads\/amudi-04-300x300.jpg 300w, https:\/\/martaalmudi.es\/wp-content\/uploads\/amudi-04-150x150.jpg 150w, https:\/\/martaalmudi.es\/wp-content\/uploads\/amudi-04-12x12.jpg 12w\" sizes=\"auto, (max-width: 640px) 100vw, 640px\" \/><\/span><\/figure><\/div>\n<\/div><\/div><\/div>\n\n\n\n<div class=\"wp-block-stackable-column stk-block-column stk-column stk-block stk-d8a1b7b\" data-v=\"4\" data-block-id=\"d8a1b7b\"><style>@media screen and (min-width:690px){.stk-d8a1b7b {flex:var(--stk-flex-grow, 1) 1 calc(50% - var(--stk-column-gap, 0px) * 1 \/ 2 ) !important;}}<\/style><div class=\"stk-column-wrapper stk-block-column__content stk-container stk-d8a1b7b-container stk--no-background stk--no-padding\"><div class=\"stk-block-content stk-inner-blocks stk-d8a1b7b-inner-blocks\">\n<div class=\"wp-block-stackable-heading stk-block-heading stk-block-heading--v2 stk-block stk-06d1911\" id=\"sobre-mi\" data-block-id=\"06d1911\"><h2 class=\"stk-block-heading__text\">Sobre m\u00ed<\/h2><\/div>\n\n\n\n<p>Licenciatura en Bellas Artes, Universidad de Salamanca, 2014. Programa Erasmus. Master en Gravure et Image Imprim\u00e9e. Acad\u00e9mie des Beaux Arts de Li\u00e8ge, B\u00e9lgica, 2013.<br><\/p>\n\n\n\n<p>T\u00e9cnico superior en Escultura.<\/p>\n\n\n\n<p>Escuela de Artes, Valladolid, 2017. Desde 2018 se dedica a la cer\u00e1mica.<br><\/p>\n\n\n\n<p>Actualmente trabajo desde mi taller en La Comercial, espacio creativo de Valladolid orientado a la producci\u00f3n art\u00edstica y cultural.<br><\/p>\n\n\n\n<p>Mi trabajo en cer\u00e1mica tiene muchos lugares comunes con el oficio tradicional y el folclore, como el uso de los materiales del entorno, la ausencia de artificios, lo visceral y el instinto.<br><\/p>\n\n\n\n<p>Trabajo principalmente con barros blancos y negros, una paleta limitada de colores y una est\u00e9tica sobria, con una preferencia por las texturas.<br><\/p>\n\n\n\n<p>Utilizo t\u00e9cnicas sencillas, con pocas herramientas y siempre a mano. Mi producci\u00f3n se aleja de lo industrial tanto en el proceso como en el acabado final, poniendo en valor el car\u00e1cter \u00fanico de cada pieza.<\/p>\n<\/div><\/div><\/div>\n<\/div><\/div>\n\n\n\n<div class=\"wp-block-stackable-columns stk-block-columns stk-block stk-b991381\" data-block-id=\"b991381\"><style>.stk-b991381 {margin-top:8% !important;margin-bottom:8% !important;}<\/style><div class=\"stk-row stk-inner-blocks stk-block-content stk-content-align stk-b991381-column\">\n<div class=\"wp-block-stackable-column stk-block-column stk-column stk-block stk-726a5ca\" data-v=\"4\" data-block-id=\"726a5ca\"><style>@media screen and (min-width:690px){.stk-726a5ca {flex:var(--stk-flex-grow, 1) 1 calc(50% - var(--stk-column-gap, 0px) * 1 \/ 2 ) !important;}}<\/style><div class=\"stk-column-wrapper stk-block-column__content stk-container stk-726a5ca-container stk--no-background stk--no-padding\"><div class=\"stk-block-content stk-inner-blocks stk-726a5ca-inner-blocks\">\n<div class=\"wp-block-stackable-heading stk-block-heading stk-block-heading--v2 stk-block stk-c0b3023\" id=\"ven-a-visitarnos\" data-block-id=\"c0b3023\"><h2 class=\"stk-block-heading__text\">Ven a visitarnos<\/h2><\/div>\n\n\n\n<p>Almud\u00ed &#8211; Taller de cer\u00e1mica<\/p>\n\n\n\n<p>Mis horarios en la tienda taller son:<br>Lunes: cerrado<br>Martes: 11:00 &#8211; 20:30<br>Mi\u00e9rcoles: 19:00 &#8211; 20:30<br>Jueves: 16:30 &#8211; 18:30<br>S\u00e1bado y domingo: cerrado<\/p>\n<\/div><\/div><\/div>\n\n\n\n<div class=\"wp-block-stackable-column stk-block-column stk-column stk-block stk-691417b\" data-v=\"4\" data-block-id=\"691417b\"><style>.stk-691417b {align-self:center !important;}@media screen and (min-width:690px){.stk-691417b {flex:var(--stk-flex-grow, 1) 1 calc(50% - var(--stk-column-gap, 0px) * 1 \/ 2 ) !important;}}<\/style><div class=\"stk-column-wrapper stk-block-column__content stk-container stk-691417b-container stk--no-background stk--no-padding\"><div class=\"has-text-align-left-mobile stk-block-content stk-inner-blocks stk-691417b-inner-blocks\"><div class=\"wpforms-container wpforms-block wpforms-block-bf185a57-e0e2-44ac-bb96-d8dfe6062d83 wpforms-render-modern\" id=\"wpforms-109\"><form id=\"wpforms-form-109\" class=\"wpforms-validate wpforms-form wpforms-ajax-form\" data-formid=\"109\" method=\"post\" enctype=\"multipart\/form-data\" action=\"\/en\/wp-json\/wp\/v2\/pages\/259\" data-token=\"7821a8c0a6d7518bd0f98986b52ebe4a\" data-token-time=\"1776215234\"><noscript class=\"wpforms-error-noscript\">Please enable JavaScript in your browser to complete this form.<\/noscript><div id=\"wpforms-error-noscript\" style=\"display: none;\">Please enable JavaScript in your browser to complete this form.<\/div><div class=\"wpforms-field-container\"><div id=\"wpforms-109-field_0-container\" class=\"wpforms-field wpforms-field-name\" data-field-id=\"0\"><fieldset><legend class=\"wpforms-field-label\">Nombre <span class=\"wpforms-required-label\" aria-hidden=\"true\">*<\/span><\/legend><div class=\"wpforms-field-row wpforms-field-large\"><div class=\"wpforms-field-row-block wpforms-first wpforms-one-half\"><input type=\"text\" id=\"wpforms-109-field_0\" class=\"wpforms-field-name-first wpforms-field-required\" name=\"wpforms[fields][0][first]\" aria-errormessage=\"wpforms-109-field_0-error\" required><label for=\"wpforms-109-field_0\" class=\"wpforms-field-sublabel after wpforms-sublabel-hide\">First<\/label><\/div><div class=\"wpforms-field-row-block wpforms-one-half\"><input type=\"text\" id=\"wpforms-109-field_0-last\" class=\"wpforms-field-name-last wpforms-field-required\" name=\"wpforms[fields][0][last]\" aria-errormessage=\"wpforms-109-field_0-last-error\" required><label for=\"wpforms-109-field_0-last\" class=\"wpforms-field-sublabel after wpforms-sublabel-hide\">Last<\/label><\/div><\/div><\/fieldset><\/div><div id=\"wpforms-109-field_1-container\" class=\"wpforms-field wpforms-field-email\" data-field-id=\"1\"><label class=\"wpforms-field-label\" for=\"wpforms-109-field_1\">Correo electr\u00f3nico <span class=\"wpforms-required-label\" aria-hidden=\"true\">*<\/span><\/label><input type=\"email\" id=\"wpforms-109-field_1\" class=\"wpforms-field-large wpforms-field-required\" name=\"wpforms[fields][1]\" spellcheck=\"false\" aria-errormessage=\"wpforms-109-field_1-error\" required><\/div><div id=\"wpforms-109-field_5-container\" class=\"wpforms-field wpforms-field-text\" data-field-id=\"5\"><label class=\"wpforms-field-label\" for=\"wpforms-109-field_5\">Asunto<\/label><input type=\"text\" id=\"wpforms-109-field_5\" class=\"wpforms-field-large\" name=\"wpforms[fields][5]\" aria-errormessage=\"wpforms-109-field_5-error\" ><\/div><div id=\"wpforms-109-field_2-container\" class=\"wpforms-field wpforms-field-textarea\" data-field-id=\"2\"><label class=\"wpforms-field-label\" for=\"wpforms-109-field_2\">Mensaje <span class=\"wpforms-required-label\" aria-hidden=\"true\">*<\/span><\/label><textarea id=\"wpforms-109-field_2\" class=\"wpforms-field-medium wpforms-field-required\" name=\"wpforms[fields][2]\" aria-errormessage=\"wpforms-109-field_2-error\" required><\/textarea><\/div><\/div><!-- .wpforms-field-container --><div class=\"wpforms-recaptcha-container wpforms-is-hcaptcha\" ><div class=\"h-captcha\" data-sitekey=\"53966899-0fd3-4c79-837a-a8bf5d00cc13\"><\/div><input type=\"text\" name=\"g-recaptcha-hidden\" class=\"wpforms-recaptcha-hidden\" style=\"position:absolute!important;clip:rect(0,0,0,0)!important;height:1px!important;width:1px!important;border:0!important;overflow:hidden!important;padding:0!important;margin:0!important;\" data-rule-hcaptcha=\"1\"><\/div><div class=\"wpforms-submit-container\" ><input type=\"hidden\" name=\"wpforms[id]\" value=\"109\"><input type=\"hidden\" name=\"page_title\" value=\"\"><input type=\"hidden\" name=\"page_url\" value=\"https:\/\/martaalmudi.es\/en\/wp-json\/wp\/v2\/pages\/259\"><input type=\"hidden\" name=\"url_referer\" value=\"\"><button type=\"submit\" name=\"wpforms[submit]\" id=\"wpforms-submit-109\" class=\"wpforms-submit my-custom-submit\" data-alt-text=\"Enviando...\" data-submit-text=\"Enviar\" aria-live=\"assertive\" value=\"wpforms-submit\">Enviar<\/button><img loading=\"lazy\" decoding=\"async\" src=\"https:\/\/martaalmudi.es\/wp-content\/plugins\/wpforms-lite\/assets\/images\/submit-spin.svg\" class=\"wpforms-submit-spinner\" style=\"display: none;\" width=\"26\" height=\"26\" alt=\"Loading\"><\/div><\/form><\/div>  <!-- .wpforms-container --><\/div><\/div><\/div>\n<\/div><\/div>\n\n\n\n<div class=\"wp-block-stackable-columns stk-block-columns stk-block stk-2edb24b\" data-block-id=\"2edb24b\"><style>.stk-2edb24b .stk--block-align-2edb24b{align-items:center !important;}.stk-2edb24b {margin-top:8% !important;margin-bottom:8% !important;}<\/style><div class=\"stk-row stk-inner-blocks stk--block-align-2edb24b stk-block-content stk-content-align stk-2edb24b-column\">\n<div class=\"wp-block-stackable-column stk-block-column stk-column stk-block stk-15d2927\" data-v=\"4\" data-block-id=\"15d2927\"><style>.stk-15d2927-container{margin-top:0px !important;margin-right:0px !important;margin-bottom:0px !important;margin-left:0px !important;padding-top:0px !important;padding-right:0px !important;padding-bottom:0px !important;padding-left:0px !important;}.stk-15d2927 {align-self:stretch !important;min-height:0px !important;max-width:100% !important;min-width:auto !important;}<\/style><div class=\"stk-column-wrapper stk-block-column__content stk-container stk-15d2927-container stk--no-background stk--no-padding\"><div class=\"has-text-align-center stk-block-content stk-inner-blocks stk-15d2927-inner-blocks\">\n<div id=\"sbs-openstreetmap-block-0123dd96-bd68-42b7-8ef2-ade085050735\" class=\"wp-block-stepbyteservice-openstreetmap sbs_openstreetmap_module\" data-map-style=\"CartoDB.Positron\" data-zoom=\"16\" data-ctrl-mouse-zoom=\"true\" data-latitude=\"52.4679888\" data-longitude=\"13.3257928\" data-routing=\"false\" data-destination-marker=\"0\" data-router=\"osrmv1\" data-show-attribution=\"true\" data-geocoder=\"nominatim\" data-center-marker=\"0\" data-marker-list=\"[{&quot;marker_source&quot;:&quot;address&quot;,&quot;marker_address&quot;:&quot;Carretera de Rueda, 10, 47008 Valladolid&quot;,&quot;marker_latitude&quot;:&quot;52.4679888&quot;,&quot;marker_longitude&quot;:&quot;13.3257928&quot;,&quot;marker_center&quot;:&quot;true&quot;,&quot;marker_icon&quot;:&quot;sbs-map-icon sbs-map-trip-origin&quot;,&quot;marker_color&quot;:&quot;black&quot;}]\"><div class=\"sbs_openstreetmap_container\" style=\"padding-bottom:60%\"><\/div><\/div>\n<\/div><\/div><\/div>\n\n\n\n<div class=\"wp-block-stackable-column stk-block-column stk-column stk-block stk-a08c282 stk-block-background\" data-v=\"4\" data-block-id=\"a08c282\"><style>.stk-a08c282-container{margin-top:25px !important;margin-right:25px !important;margin-bottom:25px !important;margin-left:25px !important;max-width:100% !important;min-width:auto !important;padding-top:8% !important;padding-right:8% !important;padding-bottom:8% !important;padding-left:8% !important;}.stk-a08c282 {align-self:stretch !important;background-color:#bcbbb8 !important;}.stk-a08c282:before{background-color:#bcbbb8 !important;}@media screen and (max-width:689px){.stk-a08c282-container{padding-top:4% !important;padding-right:4% !important;padding-bottom:4% !important;padding-left:4% !important;}}<\/style><div class=\"stk-column-wrapper stk-block-column__content stk-container stk-a08c282-container stk--no-background stk--no-padding\"><div class=\"stk-block-content stk-inner-blocks stk-a08c282-inner-blocks\">\n<div class=\"wp-block-stackable-heading stk-block-heading stk-block-heading--v2 stk-block stk-4a48c65\" id=\"tienda\" data-block-id=\"4a48c65\"><h4 class=\"stk-block-heading__text\">Tienda<\/h4><\/div>\n\n\n\n<p><span style=\"color: var(--theme-palette-color-12, #ffffff);\" class=\"stk-highlight\">Carretera de Rueda, 10,<br>47008 Valladolid<\/span><\/p>\n\n\n\n<p><span style=\"color: var(--theme-palette-color-12, #ffffff);\" class=\"stk-highlight\">Tfno: (+34) 675 029 620<br>almudimarta@gmail.com<\/span><\/p>\n<\/div><\/div><\/div>\n<\/div><\/div>\n","protected":false},"excerpt":{"rendered":"<p>Sobre m\u00ed Licenciatura en Bellas Artes, Universidad de Salamanca, 2014. Programa Erasmus. Master en Gravure et Image Imprim\u00e9e. Acad\u00e9mie des Beaux Arts de Li\u00e8ge, B\u00e9lgica, 2013. T\u00e9cnico superior en Escultura. Escuela de Artes, Valladolid, 2017. Desde 2018 se dedica a la cer\u00e1mica. Actualmente trabajo desde mi taller en La Comercial, espacio creativo de Valladolid orientado [&hellip;]<\/p>\n","protected":false},"author":2,"featured_media":0,"parent":0,"menu_order":0,"comment_status":"closed","ping_status":"closed","template":"","meta":{"footnotes":""},"class_list":["post-259","page","type-page","status-publish","hentry"],"blocksy_meta":{"has_hero_section":"disabled","styles_descriptor":{"styles":{"desktop":"","tablet":"","mobile":""},"google_fonts":[],"version":6}},"yoast_head":"<!-- This site is optimized with the Yoast SEO plugin v27.4 - https:\/\/yoast.com\/product\/yoast-seo-wordpress\/ -->\n<title>About - Marta Almud\u00ed<\/title>\n<meta name=\"description\" content=\"Vis\u00edtanos en nuestra tienda de cer\u00e1mica en Valladolid. Encuentra nuestra ubicaci\u00f3n y ven a explorar nuestras creaciones art\u00edsticas\" \/>\n<meta name=\"robots\" content=\"index, follow, max-snippet:-1, max-image-preview:large, max-video-preview:-1\" \/>\n<link rel=\"canonical\" href=\"https:\/\/martaalmudi.es\/en\/about\/\" \/>\n<meta property=\"og:locale\" content=\"en_GB\" \/>\n<meta property=\"og:type\" content=\"article\" \/>\n<meta property=\"og:title\" content=\"About - Marta Almud\u00ed\" \/>\n<meta property=\"og:description\" content=\"Vis\u00edtanos en nuestra tienda de cer\u00e1mica en Valladolid. Encuentra nuestra ubicaci\u00f3n y ven a explorar nuestras creaciones art\u00edsticas\" \/>\n<meta property=\"og:url\" content=\"https:\/\/martaalmudi.es\/en\/about\/\" \/>\n<meta property=\"og:site_name\" content=\"Marta Almud\u00ed\" \/>\n<meta property=\"article:modified_time\" content=\"2025-12-15T21:00:39+00:00\" \/>\n<meta property=\"og:image\" content=\"https:\/\/martaalmudi.es\/wp-content\/uploads\/amudi-04.jpg\" \/>\n<meta name=\"twitter:card\" content=\"summary_large_image\" \/>\n<meta name=\"twitter:label1\" content=\"Estimated reading time\" \/>\n\t<meta name=\"twitter:data1\" content=\"2 minutes\" \/>\n<script type=\"application\/ld+json\" class=\"yoast-schema-graph\">{\"@context\":\"https:\\\/\\\/schema.org\",\"@graph\":[{\"@type\":\"WebPage\",\"@id\":\"https:\\\/\\\/martaalmudi.es\\\/about\\\/\",\"url\":\"https:\\\/\\\/martaalmudi.es\\\/about\\\/\",\"name\":\"About - Marta Almud\u00ed\",\"isPartOf\":{\"@id\":\"https:\\\/\\\/martaalmudi.es\\\/#website\"},\"primaryImageOfPage\":{\"@id\":\"https:\\\/\\\/martaalmudi.es\\\/about\\\/#primaryimage\"},\"image\":{\"@id\":\"https:\\\/\\\/martaalmudi.es\\\/about\\\/#primaryimage\"},\"thumbnailUrl\":\"https:\\\/\\\/martaalmudi.es\\\/wp-content\\\/uploads\\\/amudi-04.jpg\",\"datePublished\":\"2023-12-17T20:58:38+00:00\",\"dateModified\":\"2025-12-15T21:00:39+00:00\",\"description\":\"Vis\u00edtanos en nuestra tienda de cer\u00e1mica en Valladolid. Encuentra nuestra ubicaci\u00f3n y ven a explorar nuestras creaciones art\u00edsticas\",\"breadcrumb\":{\"@id\":\"https:\\\/\\\/martaalmudi.es\\\/about\\\/#breadcrumb\"},\"inLanguage\":\"en-GB\",\"potentialAction\":[{\"@type\":\"ReadAction\",\"target\":[\"https:\\\/\\\/martaalmudi.es\\\/about\\\/\"]}]},{\"@type\":\"ImageObject\",\"inLanguage\":\"en-GB\",\"@id\":\"https:\\\/\\\/martaalmudi.es\\\/about\\\/#primaryimage\",\"url\":\"https:\\\/\\\/martaalmudi.es\\\/wp-content\\\/uploads\\\/amudi-04.jpg\",\"contentUrl\":\"https:\\\/\\\/martaalmudi.es\\\/wp-content\\\/uploads\\\/amudi-04.jpg\"},{\"@type\":\"BreadcrumbList\",\"@id\":\"https:\\\/\\\/martaalmudi.es\\\/about\\\/#breadcrumb\",\"itemListElement\":[{\"@type\":\"ListItem\",\"position\":1,\"name\":\"Portada\",\"item\":\"https:\\\/\\\/martaalmudi.es\\\/\"},{\"@type\":\"ListItem\",\"position\":2,\"name\":\"About\"}]},{\"@type\":\"WebSite\",\"@id\":\"https:\\\/\\\/martaalmudi.es\\\/#website\",\"url\":\"https:\\\/\\\/martaalmudi.es\\\/\",\"name\":\"Marta Almud\u00ed\",\"description\":\"Marta Almud\u00ed, estudio de cer\u00e1mica en Valladolid\",\"publisher\":{\"@id\":\"https:\\\/\\\/martaalmudi.es\\\/#organization\"},\"potentialAction\":[{\"@type\":\"SearchAction\",\"target\":{\"@type\":\"EntryPoint\",\"urlTemplate\":\"https:\\\/\\\/martaalmudi.es\\\/?s={search_term_string}\"},\"query-input\":{\"@type\":\"PropertyValueSpecification\",\"valueRequired\":true,\"valueName\":\"search_term_string\"}}],\"inLanguage\":\"en-GB\"},{\"@type\":\"Organization\",\"@id\":\"https:\\\/\\\/martaalmudi.es\\\/#organization\",\"name\":\"Marta Almud\u00ed \u2013 Pasi\u00f3n en barro\",\"url\":\"https:\\\/\\\/martaalmudi.es\\\/\",\"logo\":{\"@type\":\"ImageObject\",\"inLanguage\":\"en-GB\",\"@id\":\"https:\\\/\\\/martaalmudi.es\\\/#\\\/schema\\\/logo\\\/image\\\/\",\"url\":\"https:\\\/\\\/martaalmudi.es\\\/wp-content\\\/uploads\\\/marta-logo.png\",\"contentUrl\":\"https:\\\/\\\/martaalmudi.es\\\/wp-content\\\/uploads\\\/marta-logo.png\",\"width\":181,\"height\":139,\"caption\":\"Marta Almud\u00ed \u2013 Pasi\u00f3n en barro\"},\"image\":{\"@id\":\"https:\\\/\\\/martaalmudi.es\\\/#\\\/schema\\\/logo\\\/image\\\/\"}}]}<\/script>\n<!-- \/ Yoast SEO plugin. -->","yoast_head_json":{"title":"About - Marta Almud\u00ed","description":"Vis\u00edtanos en nuestra tienda de cer\u00e1mica en Valladolid. Encuentra nuestra ubicaci\u00f3n y ven a explorar nuestras creaciones art\u00edsticas","robots":{"index":"index","follow":"follow","max-snippet":"max-snippet:-1","max-image-preview":"max-image-preview:large","max-video-preview":"max-video-preview:-1"},"canonical":"https:\/\/martaalmudi.es\/en\/about\/","og_locale":"en_GB","og_type":"article","og_title":"About - Marta Almud\u00ed","og_description":"Vis\u00edtanos en nuestra tienda de cer\u00e1mica en Valladolid. Encuentra nuestra ubicaci\u00f3n y ven a explorar nuestras creaciones art\u00edsticas","og_url":"https:\/\/martaalmudi.es\/en\/about\/","og_site_name":"Marta Almud\u00ed","article_modified_time":"2025-12-15T21:00:39+00:00","og_image":[{"url":"https:\/\/martaalmudi.es\/wp-content\/uploads\/amudi-04.jpg","type":"","width":"","height":""}],"twitter_card":"summary_large_image","twitter_misc":{"Estimated reading time":"2 minutes"},"schema":{"@context":"https:\/\/schema.org","@graph":[{"@type":"WebPage","@id":"https:\/\/martaalmudi.es\/about\/","url":"https:\/\/martaalmudi.es\/about\/","name":"About - Marta Almud\u00ed","isPartOf":{"@id":"https:\/\/martaalmudi.es\/#website"},"primaryImageOfPage":{"@id":"https:\/\/martaalmudi.es\/about\/#primaryimage"},"image":{"@id":"https:\/\/martaalmudi.es\/about\/#primaryimage"},"thumbnailUrl":"https:\/\/martaalmudi.es\/wp-content\/uploads\/amudi-04.jpg","datePublished":"2023-12-17T20:58:38+00:00","dateModified":"2025-12-15T21:00:39+00:00","description":"Vis\u00edtanos en nuestra tienda de cer\u00e1mica en Valladolid. Encuentra nuestra ubicaci\u00f3n y ven a explorar nuestras creaciones art\u00edsticas","breadcrumb":{"@id":"https:\/\/martaalmudi.es\/about\/#breadcrumb"},"inLanguage":"en-GB","potentialAction":[{"@type":"ReadAction","target":["https:\/\/martaalmudi.es\/about\/"]}]},{"@type":"ImageObject","inLanguage":"en-GB","@id":"https:\/\/martaalmudi.es\/about\/#primaryimage","url":"https:\/\/martaalmudi.es\/wp-content\/uploads\/amudi-04.jpg","contentUrl":"https:\/\/martaalmudi.es\/wp-content\/uploads\/amudi-04.jpg"},{"@type":"BreadcrumbList","@id":"https:\/\/martaalmudi.es\/about\/#breadcrumb","itemListElement":[{"@type":"ListItem","position":1,"name":"Portada","item":"https:\/\/martaalmudi.es\/"},{"@type":"ListItem","position":2,"name":"About"}]},{"@type":"WebSite","@id":"https:\/\/martaalmudi.es\/#website","url":"https:\/\/martaalmudi.es\/","name":"Marta Almud\u00ed","description":"Marta Almud\u00ed, estudio de cer\u00e1mica en Valladolid","publisher":{"@id":"https:\/\/martaalmudi.es\/#organization"},"potentialAction":[{"@type":"SearchAction","target":{"@type":"EntryPoint","urlTemplate":"https:\/\/martaalmudi.es\/?s={search_term_string}"},"query-input":{"@type":"PropertyValueSpecification","valueRequired":true,"valueName":"search_term_string"}}],"inLanguage":"en-GB"},{"@type":"Organization","@id":"https:\/\/martaalmudi.es\/#organization","name":"Marta Almud\u00ed \u2013 Pasi\u00f3n en barro","url":"https:\/\/martaalmudi.es\/","logo":{"@type":"ImageObject","inLanguage":"en-GB","@id":"https:\/\/martaalmudi.es\/#\/schema\/logo\/image\/","url":"https:\/\/martaalmudi.es\/wp-content\/uploads\/marta-logo.png","contentUrl":"https:\/\/martaalmudi.es\/wp-content\/uploads\/marta-logo.png","width":181,"height":139,"caption":"Marta Almud\u00ed \u2013 Pasi\u00f3n en barro"},"image":{"@id":"https:\/\/martaalmudi.es\/#\/schema\/logo\/image\/"}}]}},"_links":{"self":[{"href":"https:\/\/martaalmudi.es\/en\/wp-json\/wp\/v2\/pages\/259","targetHints":{"allow":["GET"]}}],"collection":[{"href":"https:\/\/martaalmudi.es\/en\/wp-json\/wp\/v2\/pages"}],"about":[{"href":"https:\/\/martaalmudi.es\/en\/wp-json\/wp\/v2\/types\/page"}],"author":[{"embeddable":true,"href":"https:\/\/martaalmudi.es\/en\/wp-json\/wp\/v2\/users\/2"}],"replies":[{"embeddable":true,"href":"https:\/\/martaalmudi.es\/en\/wp-json\/wp\/v2\/comments?post=259"}],"version-history":[{"count":0,"href":"https:\/\/martaalmudi.es\/en\/wp-json\/wp\/v2\/pages\/259\/revisions"}],"wp:attachment":[{"href":"https:\/\/martaalmudi.es\/en\/wp-json\/wp\/v2\/media?parent=259"}],"curies":[{"name":"wp","href":"https:\/\/api.w.org\/{rel}","templated":true}]}}